{"id":10809,"date":"2023-12-09T00:43:43","date_gmt":"2023-12-08T23:43:43","guid":{"rendered":"http:\/\/takmicari-gen.codeit-dev.com\/?page_id=10809"},"modified":"2023-12-09T00:43:44","modified_gmt":"2023-12-08T23:43:44","slug":"vukasin-kerezovic-29","status":"publish","type":"page","link":"http:\/\/takmicarigeneracije.gov.rs\/sr-latn\/vukasin-kerezovic-29\/","title":{"rendered":"Vuka\u0161in Kerezovi\u0107"},"content":{"rendered":"\t\t<div data-elementor-type=\"wp-page\" data-elementor-id=\"10809\" class=\"elementor elementor-10809 elementor-10808\" data-elementor-post-type=\"page\">\n\t\t\t\t\t\t<section class=\"elementor-section elementor-top-section elementor-element elementor-element-e7f01b2 elementor-section-boxed elementor-section-height-default elementor-section-height-default\" data-id=\"e7f01b2\" data-element_type=\"section\">\n\t\t\t\t\t\t<div class=\"elementor-container elementor-column-gap-default\">\n\t\t\t\t\t<div class=\"elementor-column elementor-col-100 elementor-top-column elementor-element elementor-element-bbe22d6\" data-id=\"bbe22d6\" data-element_type=\"column\">\n\t\t\t<div class=\"elementor-widget-wrap elementor-element-populated\">\n\t\t\t\t\t\t<div class=\"elementor-element elementor-element-c53fce7 elementor-widget elementor-widget-text-editor\" data-id=\"c53fce7\" data-element_type=\"widget\" data-widget_type=\"text-editor.default\">\n\t\t\t\t<div class=\"elementor-widget-container\">\n\t\t\t\t\t\t\t\t\t\u0402\u0430\u0447\u043a\u0438 \u041f\u0440\u043e\u0444\u0438\u043b\n\t\t\t\t\t\t\t\t<\/div>\n\t\t\t\t<\/div>\n\t\t\t\t<section class=\"elementor-section elementor-inner-section elementor-element elementor-element-545ef4e elementor-section-boxed elementor-section-height-default elementor-section-height-default\" data-id=\"545ef4e\" data-element_type=\"section\">\n\t\t\t\t\t\t<div class=\"elementor-container elementor-column-gap-default\">\n\t\t\t\t\t<div class=\"elementor-column elementor-col-50 elementor-inner-column elementor-element elementor-element-54c040a\" data-id=\"54c040a\" data-element_type=\"column\">\n\t\t\t<div class=\"elementor-widget-wrap elementor-element-populated\">\n\t\t\t\t\t\t<div class=\"elementor-element elementor-element-366f766 elementor-widget elementor-widget-text-editor\" data-id=\"366f766\" data-element_type=\"widget\" data-widget_type=\"text-editor.default\">\n\t\t\t\t<div class=\"elementor-widget-container\">\n\t\t\t\t\t\t\t\t\t<ul class=\"basic-info\">\n<li><strong>\u0418\u043c\u0435 \u0438 \u043f\u0440\u0435\u0437\u0438\u043c\u0435:\u00a0<\/strong>\u0410\u0458\u0430\u043d \u0425\u0430\u0458\u0440\u0443\u043b\u043b\u0430\u0445\u0443<\/li>\n<li><strong>\u0420\u0430\u0437\u0440\u0435\u0434:\u00a0<\/strong>8. \u0440\u0430\u0437\u0440\u0435\u0434<\/li>\n<li><strong>\u0428\u043a\u043e\u043b\u0441\u043a\u0430 \u0433\u043e\u0434\u0438\u043d\u0430: <\/strong>2022\/2023<\/li>\n<\/ul>\n\t\t\t\t\t\t\t\t<\/div>\n\t\t\t\t<\/div>\n\t\t\t\t\t<\/div>\n\t\t<\/div>\n\t\t\t\t<div class=\"elementor-column elementor-col-50 elementor-inner-column elementor-element elementor-element-ca38fd5\" data-id=\"ca38fd5\" data-element_type=\"column\">\n\t\t\t<div class=\"elementor-widget-wrap elementor-element-populated\">\n\t\t\t\t\t\t<div class=\"elementor-element elementor-element-500c1b5 elementor-widget elementor-widget-text-editor\" data-id=\"500c1b5\" data-element_type=\"widget\" data-widget_type=\"text-editor.default\">\n\t\t\t\t<div class=\"elementor-widget-container\">\n\t\t\t\t\t\t\t\t\t<ul>\n<li><strong>\u0428\u043a\u043e\u043b\u0430:\u00a0<\/strong>\u041e\u0428 &#8220;\u041f\u0440\u043e\u0444\u0435\u0441\u043e\u0440 \u0418\u0431\u0440\u0430\u0445\u0438\u043c \u041a\u0435\u0459\u043c\u0435\u043d\u0434\u0438\u201d<\/li>\n<li><strong>Me\u0441\u0442\u043e:\u00a0<\/strong>\u041f\u0440\u0435\u0448\u0435\u0432\u043e<\/li>\n<li><strong>\u0420\u0435\u0433\u0438\u043e\u043d:\u00a0<\/strong>\u00a0\u0408\u0443\u0436\u043d\u0430 \u0438 \u0438\u0441\u0442\u043e\u0447\u043d\u0430 \u0421\u0440\u0431\u0438\u0458\u0430<\/li>\n<\/ul>\n\t\t\t\t\t\t\t\t<\/div>\n\t\t\t\t<\/div>\n\t\t\t\t\t<\/div>\n\t\t<\/div>\n\t\t\t\t\t<\/div>\n\t\t<\/section>\n\t\t\t\t<section class=\"elementor-section elementor-inner-section elementor-element elementor-element-c33712c elementor-section-boxed elementor-section-height-default elementor-section-height-default\" data-id=\"c33712c\" data-element_type=\"section\">\n\t\t\t\t\t\t<div class=\"elementor-container elementor-column-gap-wide\">\n\t\t\t\t\t<div class=\"elementor-column elementor-col-100 elementor-inner-column elementor-element elementor-element-b075d90\" data-id=\"b075d90\" data-element_type=\"column\">\n\t\t\t<div class=\"elementor-widget-wrap elementor-element-populated\">\n\t\t\t\t\t\t<div class=\"elementor-element elementor-element-578805d elementor-widget elementor-widget-heading\" data-id=\"578805d\" data-element_type=\"widget\" data-widget_type=\"heading.default\">\n\t\t\t\t<div class=\"elementor-widget-container\">\n\t\t\t\t\t<h2 class=\"elementor-heading-title elementor-size-default\">Rezultati u\u010denika<\/h2>\t\t\t\t<\/div>\n\t\t\t\t<\/div>\n\t\t\t\t<div class=\"elementor-element elementor-element-b5044aa elementor-widget elementor-widget-text-editor\" data-id=\"b5044aa\" data-element_type=\"widget\" data-widget_type=\"text-editor.default\">\n\t\t\t\t<div class=\"elementor-widget-container\">\n\t\t\t\t\t\t\t\t\t\n<table id=\"tablepress-5233\" class=\"tablepress tablepress-id-5233\">\n<thead>\n<tr class=\"row-1\">\n\t<th class=\"column-1\">\u0420\u0430\u0437\u0440\u0435\u0434<\/th><th class=\"column-2\">\u041d\u0438\u0432\u043e \/ \u041d\u0430\u0437\u0438\u0432 \u0442\u0430\u043a\u043c\u0438\u0447\u0435\u045a\u0430<\/th><th class=\"column-3\">\u041f\u0440\u0435\u0434\u043c\u0435\u0442<\/th><th class=\"column-4\">\u0414\u0435\u0459\u0435\u043d\u0438<br \/>\n\u0440\u0430\u043d\u0433<\/th>\n<\/tr>\n<\/thead>\n<tbody class=\"row-striping row-hover\">\n<tr class=\"row-2\">\n\t<td class=\"column-1\"><\/td><td class=\"column-2\"><\/td><td class=\"column-3\"><\/td><td class=\"column-4\"><\/td>\n<\/tr>\n<tr class=\"row-3\">\n\t<td class=\"column-1\">8. \u0440\u0430\u0437\u0440\u0435\u0434<\/td><td class=\"column-2\"><a href=\"\/rezultati-takmicenja\/geografija\/\">\u0420\u0435\u043f\u0443\u0431\u043b\u0438\u0447\u043a\u043e \u0442\u0430\u043a\u043c\u0438\u0447\u0435\u045a\u0435 \u0438\u0437 \u0433\u0435\u043e\u0433\u0440\u0430\u0444\u0438\u0458\u0435<\/a><\/td><td class=\"column-3\">\u0413\u0435\u043e\u0433\u0440\u0430\u0444\u0438\u0458\u0430<\/td><td class=\"column-4\">2<\/td>\n<\/tr>\n<tr class=\"row-4\">\n\t<td class=\"column-1\">8. \u0440\u0430\u0437\u0440\u0435\u0434<\/td><td class=\"column-2\"><a href=\"\/rezultati-takmicenja\/hemija\/\">\u0420\u0435\u043f\u0443\u0431\u043b\u0438\u0447\u043a\u043e \u0442\u0430\u043a\u043c\u0438\u0447\u0435\u045a\u0435 \u0438\u0437 \u0445\u0435\u043c\u0438\u0458\u0435<\/a><\/td><td class=\"column-3\">\u0425\u0435\u043c\u0438\u0458\u0430<\/td><td class=\"column-4\">4<\/td>\n<\/tr>\n<tr class=\"row-5\">\n\t<td class=\"column-1\">8. \u0440\u0430\u0437\u0440\u0435\u0434<\/td><td class=\"column-2\"><a href=\"\/rezultati-takmicenja\/istorija\/\">\u0420\u0435\u043f\u0443\u0431\u043b\u0438\u0447\u043a\u043e \u0442\u0430\u043a\u043c\u0438\u0447\u0435\u045a\u0435 \u0438\u0437 \u0438\u0441\u0442\u043e\u0440\u0438\u0458\u0435<\/a><\/td><td class=\"column-3\">\u0418\u0441\u0442\u043e\u0440\u0438\u0458\u0430<\/td><td class=\"column-4\">6-20<\/td>\n<\/tr>\n<\/tbody>\n<\/table>\n<!-- #tablepress-5233 from cache -->\n\t\t\t\t\t\t\t\t<\/div>\n\t\t\t\t<\/div>\n\t\t\t\t\t<\/div>\n\t\t<\/div>\n\t\t\t\t\t<\/div>\n\t\t<\/section>\n\t\t\t\t\t<\/div>\n\t\t<\/div>\n\t\t\t\t\t<\/div>\n\t\t<\/section>\n\t\t\t\t<\/div>\n\t\t","protected":false},"excerpt":{"rendered":"<p>\u0402\u0430\u0447\u043a\u0438 \u041f\u0440\u043e\u0444\u0438\u043b \u0418\u043c\u0435 \u0438 \u043f\u0440\u0435\u0437\u0438\u043c\u0435:\u00a0\u0410\u0458\u0430\u043d \u0425\u0430\u0458\u0440\u0443\u043b\u043b\u0430\u0445\u0443 \u0420\u0430\u0437\u0440\u0435\u0434:\u00a08. \u0440\u0430\u0437\u0440\u0435\u0434 \u0428\u043a\u043e\u043b\u0441\u043a\u0430 \u0433\u043e\u0434\u0438\u043d\u0430: 2022\/2023 \u0428\u043a\u043e\u043b\u0430:\u00a0\u041e\u0428 &#8220;\u041f\u0440\u043e\u0444\u0435\u0441\u043e\u0440 \u0418\u0431\u0440\u0430\u0445\u0438\u043c \u041a\u0435\u0459\u043c\u0435\u043d\u0434\u0438\u201d Me\u0441\u0442\u043e:\u00a0\u041f\u0440\u0435\u0448\u0435\u0432\u043e \u0420\u0435\u0433\u0438\u043e\u043d:\u00a0\u00a0\u0408\u0443\u0436\u043d\u0430 \u0438 \u0438\u0441\u0442\u043e\u0447\u043d\u0430 \u0421\u0440\u0431\u0438\u0458\u0430 Rezultati u\u010denika<\/p>\n","protected":false},"author":6,"featured_media":5770,"parent":0,"menu_order":75,"comment_status":"closed","ping_status":"closed","template":"page-templates\/pages-image.php","meta":{"_acf_changed":false,"footnotes":""},"class_list":["post-10809","page","type-page","status-publish","has-post-thumbnail","hentry"],"acf":[],"yoast_head":"<!-- This site is optimized with the Yoast SEO plugin v26.4 - https:\/\/yoast.com\/wordpress\/plugins\/seo\/ -->\n<title>Vuka\u0161in Kerezovi\u0107 &#8226; Takmi\u010dari generacije<\/title>\n<meta name=\"description\" content=\"U cilju identifikacije, pra\u0107enja i podsticanja u\u010denika sa izuzetnim, posebnim sposobnostima napravljena je platforma Takmi\u010dari generacije.\" \/>\n<meta name=\"robots\" content=\"index, follow, max-snippet:-1, max-image-preview:large, max-video-preview:-1\" \/>\n<link rel=\"canonical\" href=\"http:\/\/takmicarigeneracije.gov.rs\/sr-latn\/vukasin-kerezovic-29\/\" \/>\n<meta property=\"og:locale\" content=\"en_US\" \/>\n<meta property=\"og:type\" content=\"article\" \/>\n<meta property=\"og:title\" content=\"Vuka\u0161in Kerezovi\u0107 &#8226; Takmi\u010dari generacije\" \/>\n<meta property=\"og:description\" content=\"U cilju identifikacije, pra\u0107enja i podsticanja u\u010denika sa izuzetnim, posebnim sposobnostima napravljena je platforma Takmi\u010dari generacije.\" \/>\n<meta property=\"og:url\" content=\"http:\/\/takmicarigeneracije.gov.rs\/sr-latn\/vukasin-kerezovic-29\/\" \/>\n<meta property=\"og:site_name\" content=\"\u0422\u0430\u043a\u043c\u0438\u0447\u0430\u0440\u0438 \u0433\u0435\u043d\u0435\u0440\u0430\u0446\u0438\u0458\u0435\" \/>\n<meta property=\"article:modified_time\" content=\"2023-12-08T23:43:44+00:00\" \/>\n<meta property=\"og:image\" content=\"http:\/\/takmicarigeneracije.gov.rs\/wp-content\/uploads\/2023\/05\/shutterstock_337964138.jpg\" \/>\n\t<meta property=\"og:image:width\" content=\"2000\" \/>\n\t<meta property=\"og:image:height\" content=\"987\" \/>\n\t<meta property=\"og:image:type\" content=\"image\/jpeg\" \/>\n<meta name=\"twitter:card\" content=\"summary_large_image\" \/>\n<script type=\"application\/ld+json\" class=\"yoast-schema-graph\">{\"@context\":\"https:\/\/schema.org\",\"@graph\":[{\"@type\":\"WebPage\",\"@id\":\"http:\/\/takmicarigeneracije.gov.rs\/sr-latn\/vukasin-kerezovic-29\/\",\"url\":\"http:\/\/takmicarigeneracije.gov.rs\/sr-latn\/vukasin-kerezovic-29\/\",\"name\":\"Vuka\u0161in Kerezovi\u0107 &#8226; Takmi\u010dari generacije\",\"isPartOf\":{\"@id\":\"http:\/\/takmicarigeneracije.gov.rs\/sr-latn\/#website\"},\"primaryImageOfPage\":{\"@id\":\"http:\/\/takmicarigeneracije.gov.rs\/sr-latn\/vukasin-kerezovic-29\/#primaryimage\"},\"image\":{\"@id\":\"http:\/\/takmicarigeneracije.gov.rs\/sr-latn\/vukasin-kerezovic-29\/#primaryimage\"},\"thumbnailUrl\":\"http:\/\/takmicarigeneracije.gov.rs\/wp-content\/uploads\/2023\/05\/shutterstock_337964138.jpg\",\"datePublished\":\"2023-12-08T23:43:43+00:00\",\"dateModified\":\"2023-12-08T23:43:44+00:00\",\"description\":\"U cilju identifikacije, pra\u0107enja i podsticanja u\u010denika sa izuzetnim, posebnim sposobnostima napravljena je platforma Takmi\u010dari generacije.\",\"breadcrumb\":{\"@id\":\"http:\/\/takmicarigeneracije.gov.rs\/sr-latn\/vukasin-kerezovic-29\/#breadcrumb\"},\"inLanguage\":\"lat\",\"potentialAction\":[{\"@type\":\"ReadAction\",\"target\":[\"http:\/\/takmicarigeneracije.gov.rs\/sr-latn\/vukasin-kerezovic-29\/\"]}]},{\"@type\":\"ImageObject\",\"inLanguage\":\"lat\",\"@id\":\"http:\/\/takmicarigeneracije.gov.rs\/sr-latn\/vukasin-kerezovic-29\/#primaryimage\",\"url\":\"http:\/\/takmicarigeneracije.gov.rs\/wp-content\/uploads\/2023\/05\/shutterstock_337964138.jpg\",\"contentUrl\":\"http:\/\/takmicarigeneracije.gov.rs\/wp-content\/uploads\/2023\/05\/shutterstock_337964138.jpg\",\"width\":2000,\"height\":987},{\"@type\":\"BreadcrumbList\",\"@id\":\"http:\/\/takmicarigeneracije.gov.rs\/sr-latn\/vukasin-kerezovic-29\/#breadcrumb\",\"itemListElement\":[{\"@type\":\"ListItem\",\"position\":1,\"name\":\"Po\u010detna\",\"item\":\"http:\/\/takmicarigeneracije.gov.rs\/sr-latn\/\"},{\"@type\":\"ListItem\",\"position\":2,\"name\":\"Vuka\u0161in Kerezovi\u0107\"}]},{\"@type\":\"WebSite\",\"@id\":\"http:\/\/takmicarigeneracije.gov.rs\/sr-latn\/#website\",\"url\":\"http:\/\/takmicarigeneracije.gov.rs\/sr-latn\/\",\"name\":\"\u0422\u0430\u043a\u043c\u0438\u0447\u0430\u0440\u0438 \u0433\u0435\u043d\u0435\u0440\u0430\u0446\u0438\u0458\u0435\",\"description\":\"\u041e\u0432\u0434\u0435 \u0441\u043c\u043e \u0434\u0430 \u043f\u043e\u0434\u0440\u0436\u0438\u043c\u043e \u0443\u0441\u043f\u0435\u0445\u0435.\",\"publisher\":{\"@id\":\"http:\/\/takmicarigeneracije.gov.rs\/sr-latn\/#organization\"},\"alternateName\":\"\u0422\u0430\u043a\u043c\u0438\u0447\u0430\u0440\u0438 \u0433\u0435\u043d\u0435\u0440\u0430\u0446\u0438\u0458\u0435\",\"potentialAction\":[{\"@type\":\"SearchAction\",\"target\":{\"@type\":\"EntryPoint\",\"urlTemplate\":\"http:\/\/takmicarigeneracije.gov.rs\/sr-latn\/?s={search_term_string}\"},\"query-input\":{\"@type\":\"PropertyValueSpecification\",\"valueRequired\":true,\"valueName\":\"search_term_string\"}}],\"inLanguage\":\"lat\"},{\"@type\":\"Organization\",\"@id\":\"http:\/\/takmicarigeneracije.gov.rs\/sr-latn\/#organization\",\"name\":\"Takmi\u010dari generacije\",\"alternateName\":\"\u0422\u0430\u043a\u043c\u0438\u0447\u0430\u0440\u0438 \u0433\u0435\u043d\u0435\u0440\u0430\u0446\u0438\u0458\u0435\",\"url\":\"http:\/\/takmicarigeneracije.gov.rs\/sr-latn\/\",\"logo\":{\"@type\":\"ImageObject\",\"inLanguage\":\"lat\",\"@id\":\"http:\/\/takmicarigeneracije.gov.rs\/sr-latn\/#\/schema\/logo\/image\/\",\"url\":\"http:\/\/takmicarigeneracije.gov.rs\/wp-content\/uploads\/2023\/11\/generacije-logo.svg\",\"contentUrl\":\"http:\/\/takmicarigeneracije.gov.rs\/wp-content\/uploads\/2023\/11\/generacije-logo.svg\",\"width\":169,\"height\":34,\"caption\":\"Takmi\u010dari generacije\"},\"image\":{\"@id\":\"http:\/\/takmicarigeneracije.gov.rs\/sr-latn\/#\/schema\/logo\/image\/\"}}]}<\/script>\n<!-- \/ Yoast SEO plugin. -->","yoast_head_json":{"title":"Vuka\u0161in Kerezovi\u0107 &#8226; Takmi\u010dari generacije","description":"U cilju identifikacije, pra\u0107enja i podsticanja u\u010denika sa izuzetnim, posebnim sposobnostima napravljena je platforma Takmi\u010dari generacije.","robots":{"index":"index","follow":"follow","max-snippet":"max-snippet:-1","max-image-preview":"max-image-preview:large","max-video-preview":"max-video-preview:-1"},"canonical":"http:\/\/takmicarigeneracije.gov.rs\/sr-latn\/vukasin-kerezovic-29\/","og_locale":"en_US","og_type":"article","og_title":"Vuka\u0161in Kerezovi\u0107 &#8226; Takmi\u010dari generacije","og_description":"U cilju identifikacije, pra\u0107enja i podsticanja u\u010denika sa izuzetnim, posebnim sposobnostima napravljena je platforma Takmi\u010dari generacije.","og_url":"http:\/\/takmicarigeneracije.gov.rs\/sr-latn\/vukasin-kerezovic-29\/","og_site_name":"\u0422\u0430\u043a\u043c\u0438\u0447\u0430\u0440\u0438 \u0433\u0435\u043d\u0435\u0440\u0430\u0446\u0438\u0458\u0435","article_modified_time":"2023-12-08T23:43:44+00:00","og_image":[{"width":2000,"height":987,"url":"http:\/\/takmicarigeneracije.gov.rs\/wp-content\/uploads\/2023\/05\/shutterstock_337964138.jpg","type":"image\/jpeg"}],"twitter_card":"summary_large_image","schema":{"@context":"https:\/\/schema.org","@graph":[{"@type":"WebPage","@id":"http:\/\/takmicarigeneracije.gov.rs\/sr-latn\/vukasin-kerezovic-29\/","url":"http:\/\/takmicarigeneracije.gov.rs\/sr-latn\/vukasin-kerezovic-29\/","name":"Vuka\u0161in Kerezovi\u0107 &#8226; Takmi\u010dari generacije","isPartOf":{"@id":"http:\/\/takmicarigeneracije.gov.rs\/sr-latn\/#website"},"primaryImageOfPage":{"@id":"http:\/\/takmicarigeneracije.gov.rs\/sr-latn\/vukasin-kerezovic-29\/#primaryimage"},"image":{"@id":"http:\/\/takmicarigeneracije.gov.rs\/sr-latn\/vukasin-kerezovic-29\/#primaryimage"},"thumbnailUrl":"http:\/\/takmicarigeneracije.gov.rs\/wp-content\/uploads\/2023\/05\/shutterstock_337964138.jpg","datePublished":"2023-12-08T23:43:43+00:00","dateModified":"2023-12-08T23:43:44+00:00","description":"U cilju identifikacije, pra\u0107enja i podsticanja u\u010denika sa izuzetnim, posebnim sposobnostima napravljena je platforma Takmi\u010dari generacije.","breadcrumb":{"@id":"http:\/\/takmicarigeneracije.gov.rs\/sr-latn\/vukasin-kerezovic-29\/#breadcrumb"},"inLanguage":"lat","potentialAction":[{"@type":"ReadAction","target":["http:\/\/takmicarigeneracije.gov.rs\/sr-latn\/vukasin-kerezovic-29\/"]}]},{"@type":"ImageObject","inLanguage":"lat","@id":"http:\/\/takmicarigeneracije.gov.rs\/sr-latn\/vukasin-kerezovic-29\/#primaryimage","url":"http:\/\/takmicarigeneracije.gov.rs\/wp-content\/uploads\/2023\/05\/shutterstock_337964138.jpg","contentUrl":"http:\/\/takmicarigeneracije.gov.rs\/wp-content\/uploads\/2023\/05\/shutterstock_337964138.jpg","width":2000,"height":987},{"@type":"BreadcrumbList","@id":"http:\/\/takmicarigeneracije.gov.rs\/sr-latn\/vukasin-kerezovic-29\/#breadcrumb","itemListElement":[{"@type":"ListItem","position":1,"name":"Po\u010detna","item":"http:\/\/takmicarigeneracije.gov.rs\/sr-latn\/"},{"@type":"ListItem","position":2,"name":"Vuka\u0161in Kerezovi\u0107"}]},{"@type":"WebSite","@id":"http:\/\/takmicarigeneracije.gov.rs\/sr-latn\/#website","url":"http:\/\/takmicarigeneracije.gov.rs\/sr-latn\/","name":"\u0422\u0430\u043a\u043c\u0438\u0447\u0430\u0440\u0438 \u0433\u0435\u043d\u0435\u0440\u0430\u0446\u0438\u0458\u0435","description":"\u041e\u0432\u0434\u0435 \u0441\u043c\u043e \u0434\u0430 \u043f\u043e\u0434\u0440\u0436\u0438\u043c\u043e \u0443\u0441\u043f\u0435\u0445\u0435.","publisher":{"@id":"http:\/\/takmicarigeneracije.gov.rs\/sr-latn\/#organization"},"alternateName":"\u0422\u0430\u043a\u043c\u0438\u0447\u0430\u0440\u0438 \u0433\u0435\u043d\u0435\u0440\u0430\u0446\u0438\u0458\u0435","potentialAction":[{"@type":"SearchAction","target":{"@type":"EntryPoint","urlTemplate":"http:\/\/takmicarigeneracije.gov.rs\/sr-latn\/?s={search_term_string}"},"query-input":{"@type":"PropertyValueSpecification","valueRequired":true,"valueName":"search_term_string"}}],"inLanguage":"lat"},{"@type":"Organization","@id":"http:\/\/takmicarigeneracije.gov.rs\/sr-latn\/#organization","name":"Takmi\u010dari generacije","alternateName":"\u0422\u0430\u043a\u043c\u0438\u0447\u0430\u0440\u0438 \u0433\u0435\u043d\u0435\u0440\u0430\u0446\u0438\u0458\u0435","url":"http:\/\/takmicarigeneracije.gov.rs\/sr-latn\/","logo":{"@type":"ImageObject","inLanguage":"lat","@id":"http:\/\/takmicarigeneracije.gov.rs\/sr-latn\/#\/schema\/logo\/image\/","url":"http:\/\/takmicarigeneracije.gov.rs\/wp-content\/uploads\/2023\/11\/generacije-logo.svg","contentUrl":"http:\/\/takmicarigeneracije.gov.rs\/wp-content\/uploads\/2023\/11\/generacije-logo.svg","width":169,"height":34,"caption":"Takmi\u010dari generacije"},"image":{"@id":"http:\/\/takmicarigeneracije.gov.rs\/sr-latn\/#\/schema\/logo\/image\/"}}]}},"_links":{"self":[{"href":"http:\/\/takmicarigeneracije.gov.rs\/sr-latn\/wp-json\/wp\/v2\/pages\/10809","targetHints":{"allow":["GET"]}}],"collection":[{"href":"http:\/\/takmicarigeneracije.gov.rs\/sr-latn\/wp-json\/wp\/v2\/pages"}],"about":[{"href":"http:\/\/takmicarigeneracije.gov.rs\/sr-latn\/wp-json\/wp\/v2\/types\/page"}],"author":[{"embeddable":true,"href":"http:\/\/takmicarigeneracije.gov.rs\/sr-latn\/wp-json\/wp\/v2\/users\/6"}],"replies":[{"embeddable":true,"href":"http:\/\/takmicarigeneracije.gov.rs\/sr-latn\/wp-json\/wp\/v2\/comments?post=10809"}],"version-history":[{"count":0,"href":"http:\/\/takmicarigeneracije.gov.rs\/sr-latn\/wp-json\/wp\/v2\/pages\/10809\/revisions"}],"wp:featuredmedia":[{"embeddable":true,"href":"http:\/\/takmicarigeneracije.gov.rs\/sr-latn\/wp-json\/wp\/v2\/media\/5770"}],"wp:attachment":[{"href":"http:\/\/takmicarigeneracije.gov.rs\/sr-latn\/wp-json\/wp\/v2\/media?parent=10809"}],"curies":[{"name":"wp","href":"https:\/\/api.w.org\/{rel}","templated":true}]}}