{"id":2202,"date":"2023-05-29T20:38:28","date_gmt":"2023-05-29T20:38:28","guid":{"rendered":"http:\/\/takmicari-gen.codeit-dev.com\/?page_id=2202"},"modified":"2023-11-13T15:44:01","modified_gmt":"2023-11-13T14:44:01","slug":"kampovi-i-edukacije","status":"publish","type":"page","link":"http:\/\/takmicarigeneracije.gov.rs\/sr-latn\/konkursi-za-odlikase\/kampovi-i-edukacije\/","title":{"rendered":"Kampovi i edukacije"},"content":{"rendered":"\t\t<div data-elementor-type=\"wp-page\" data-elementor-id=\"2202\" class=\"elementor elementor-2202\" data-elementor-post-type=\"page\">\n\t\t\t\t\t\t<section class=\"elementor-section elementor-top-section elementor-element elementor-element-4d4ba543 elementor-section-full_width elementor-section-height-default elementor-section-height-default\" data-id=\"4d4ba543\" data-element_type=\"section\" id=\"home\">\n\t\t\t\t\t\t<div class=\"elementor-container elementor-column-gap-no\">\n\t\t\t\t\t<div class=\"elementor-column elementor-col-100 elementor-top-column elementor-element elementor-element-4e3e78d6\" data-id=\"4e3e78d6\" data-element_type=\"column\">\n\t\t\t<div class=\"elementor-widget-wrap\">\n\t\t\t\t\t\t\t<\/div>\n\t\t<\/div>\n\t\t\t\t\t<\/div>\n\t\t<\/section>\n\t\t\t\t<section class=\"elementor-section elementor-top-section elementor-element elementor-element-3b64b22d elementor-section-full_width elementor-section-height-default elementor-section-height-default\" data-id=\"3b64b22d\" data-element_type=\"section\">\n\t\t\t\t\t\t<div class=\"elementor-container elementor-column-gap-no\">\n\t\t\t\t\t<div class=\"elementor-column elementor-col-100 elementor-top-column elementor-element elementor-element-2cd619a5\" data-id=\"2cd619a5\" data-element_type=\"column\">\n\t\t\t<div class=\"elementor-widget-wrap elementor-element-populated\">\n\t\t\t\t\t\t<div class=\"elementor-element elementor-element-2c9339c7 elementor-widget elementor-widget-counter\" data-id=\"2c9339c7\" data-element_type=\"widget\" data-widget_type=\"counter.default\">\n\t\t\t\t<div class=\"elementor-widget-container\">\n\t\t\t\t\t\t\t<div class=\"elementor-counter\">\n\t\t\t<div class=\"elementor-counter-title\">Cool Number<\/div>\t\t\t<div class=\"elementor-counter-number-wrapper\">\n\t\t\t\t<span class=\"elementor-counter-number-prefix\"><\/span>\n\t\t\t\t<span class=\"elementor-counter-number\" data-duration=\"2000\" data-to-value=\"100\" data-from-value=\"0\" data-delimiter=\",\">0<\/span>\n\t\t\t\t<span class=\"elementor-counter-number-suffix\"><\/span>\n\t\t\t<\/div>\n\t\t<\/div>\n\t\t\t\t\t\t<\/div>\n\t\t\t\t<\/div>\n\t\t\t\t\t<\/div>\n\t\t<\/div>\n\t\t\t\t\t<\/div>\n\t\t<\/section>\n\t\t\t\t<section class=\"elementor-section elementor-top-section elementor-element elementor-element-6e4d082 elementor-section-boxed elementor-section-height-default elementor-section-height-default\" data-id=\"6e4d082\" data-element_type=\"section\">\n\t\t\t\t\t\t<div class=\"elementor-container elementor-column-gap-default\">\n\t\t\t\t\t<div class=\"elementor-column elementor-col-100 elementor-top-column elementor-element elementor-element-f6774cb\" data-id=\"f6774cb\" data-element_type=\"column\">\n\t\t\t<div class=\"elementor-widget-wrap elementor-element-populated\">\n\t\t\t\t\t\t<div class=\"elementor-element elementor-element-5eb9c06 elementor-widget elementor-widget-heading\" data-id=\"5eb9c06\" data-element_type=\"widget\" data-widget_type=\"heading.default\">\n\t\t\t\t<div class=\"elementor-widget-container\">\n\t\t\t\t\t<h2 class=\"elementor-heading-title elementor-size-default\">Kampovi i edukacije<\/h2>\t\t\t\t<\/div>\n\t\t\t\t<\/div>\n\t\t\t\t\t<\/div>\n\t\t<\/div>\n\t\t\t\t\t<\/div>\n\t\t<\/section>\n\t\t\t\t<section class=\"elementor-section elementor-top-section elementor-element elementor-element-4787685 elementor-section-boxed elementor-section-height-default elementor-section-height-default\" data-id=\"4787685\" data-element_type=\"section\">\n\t\t\t\t\t\t<div class=\"elementor-container elementor-column-gap-default\">\n\t\t\t\t\t<div class=\"elementor-column elementor-col-100 elementor-top-column elementor-element elementor-element-840399a\" data-id=\"840399a\" data-element_type=\"column\">\n\t\t\t<div class=\"elementor-widget-wrap elementor-element-populated\">\n\t\t\t\t\t\t<div class=\"elementor-element elementor-element-fa6fb37 elementor-widget elementor-widget-text-editor\" data-id=\"fa6fb37\" data-element_type=\"widget\" data-widget_type=\"text-editor.default\">\n\t\t\t\t<div class=\"elementor-widget-container\">\n\t\t\t\t\t\t\t\t\t<h4 style=\"text-align: center;\">Istra\u017eiva\u010dka stanica &#8220;Petnica&#8221;<\/h4><h4 style=\"text-align: center;\"><a href=\"http:\/\/petnica.rs\/programi\/programi-za-osnovce\/\">http:\/\/petnica.rs\/programi\/programi-za-osnovce\/<\/a><\/h4>\t\t\t\t\t\t\t\t<\/div>\n\t\t\t\t<\/div>\n\t\t\t\t\t<\/div>\n\t\t<\/div>\n\t\t\t\t\t<\/div>\n\t\t<\/section>\n\t\t\t\t<section class=\"elementor-section elementor-top-section elementor-element elementor-element-8961b90 elementor-section-boxed elementor-section-height-default elementor-section-height-default\" data-id=\"8961b90\" data-element_type=\"section\">\n\t\t\t\t\t\t<div class=\"elementor-container elementor-column-gap-default\">\n\t\t\t\t\t<div class=\"elementor-column elementor-col-100 elementor-top-column elementor-element elementor-element-2421d91\" data-id=\"2421d91\" data-element_type=\"column\">\n\t\t\t<div class=\"elementor-widget-wrap elementor-element-populated\">\n\t\t\t\t\t\t<div class=\"elementor-element elementor-element-6c94574 elementor-widget elementor-widget-text-editor\" data-id=\"6c94574\" data-element_type=\"widget\" data-widget_type=\"text-editor.default\">\n\t\t\t\t<div class=\"elementor-widget-container\">\n\t\t\t\t\t\t\t\t\t<h4 style=\"text-align: center;\"><span style=\"color: #800000;\">Prenosimo u celosti poziv za letnju nau\u010dnu \u0161kolu IS &#8220;Petnica&#8221; za osnovce.<\/span><\/h4><h4 style=\"text-align: center;\"><span style=\"color: #800000;\"><a style=\"color: #800000;\" href=\"http:\/\/petnica.rs\/prijavljivanje-za-letnju-naucnu-skolu\/\">http:\/\/petnica.rs\/prijavljivanje-za-letnju-naucnu-skolu\/<\/a><\/span><\/h4>\t\t\t\t\t\t\t\t<\/div>\n\t\t\t\t<\/div>\n\t\t\t\t\t<\/div>\n\t\t<\/div>\n\t\t\t\t\t<\/div>\n\t\t<\/section>\n\t\t\t\t<section class=\"elementor-section elementor-top-section elementor-element elementor-element-7ee86d4 elementor-section-boxed elementor-section-height-default elementor-section-height-default\" data-id=\"7ee86d4\" data-element_type=\"section\">\n\t\t\t\t\t\t<div class=\"elementor-container elementor-column-gap-default\">\n\t\t\t\t\t<div class=\"elementor-column elementor-col-100 elementor-top-column elementor-element elementor-element-3eda3b4\" data-id=\"3eda3b4\" data-element_type=\"column\">\n\t\t\t<div class=\"elementor-widget-wrap elementor-element-populated\">\n\t\t\t\t\t\t<div class=\"elementor-element elementor-element-baeb00d elementor-widget__width-initial elementor-widget elementor-widget-text-editor\" data-id=\"baeb00d\" data-element_type=\"widget\" data-widget_type=\"text-editor.default\">\n\t\t\t\t<div class=\"elementor-widget-container\">\n\t\t\t\t\t\t\t\t\t<p style=\"text-align: center;\"><span style=\"color: #003366; font-family: Montserrat; font-size: 32px; font-weight: bold; letter-spacing: 0px; text-transform: uppercase;\">PRIJAVLJIVANJE ZA LETNJU NAU\u010cNU \u0160KOLU<\/span><\/p>\n<p style=\"text-align: center;\"><span style=\"color: #333333; font-family: Montserrat; font-size: 32px; font-weight: bold; letter-spacing: 0px; text-transform: uppercase;\">&nbsp;<\/span><\/p>\n<div style=\"color: #555555; font-family: 'Open Sans'; text-align: center;\">\n<div style=\"margin-bottom: 4px;\">\n<ul style=\"margin-bottom: 5px; max-width: 75%; float: left; list-style-position: initial; list-style-image: initial;\">\n<li style=\"margin-right: 32px; margin-bottom: 5px; font-family: Montserrat; line-height: 1.1; color: #333333; font-size: 12px; float: left;\">\n<h4><span style=\"display: inline-block; margin-bottom: 5px; color: #555555;\">23. aprila 2023.<\/span><\/h4>\n<\/li>\n<li style=\"margin-right: 32px; margin-bottom: 5px; font-family: Montserrat; line-height: 1.1; color: #333333; font-size: 12px; float: left;\">\n<h4>Objavio:&nbsp;<span style=\"display: inline-block; margin-bottom: 5px; color: #555555;\">ISP<\/span><\/h4>\n<\/li>\n<li style=\"margin-right: 32px; margin-bottom: 5px; font-family: Montserrat; line-height: 1.1; color: #333333; font-size: 12px; float: left;\">\n<h4>&nbsp;Kategorija:&nbsp;<a style=\"color: #555555; transition-duration: 0.25s; transition-timing-function: ease;\" href=\"http:\/\/petnica.rs\/category\/aktuelnosti\/\"><span style=\"display: inline-block; margin-bottom: 5px; transition: all 0.25s ease 0s;\">Aktuelnosti<\/span><\/a><\/h4>\n<\/li>\n<\/ul>\n<div style=\"float: right; line-height: 1; margin-top: -2px;\">&nbsp;<\/div>\n<\/div>\n<\/div>\n<div style=\"padding-bottom: 9px; color: #555555; font-family: 'Open Sans';\">\n<div style=\"margin-bottom: 35px; margin-left: -15px; margin-right: -15px;\">\n<div style=\"width: 868px; position: relative; min-height: 1px; float: left;\">\n<div style=\"padding-left: 15px; padding-right: 15px; width: 868px;\">\n<div>\n<div>\n<div>\n<h2 style=\"font-family: Montserrat; font-weight: bold; line-height: 1; color: #333333; margin-top: 20px; margin-bottom: 10px; font-size: 32px; text-align: center;\">Istra\u017eiva\u010dka stanica Petnica objavljuje konkurs za obrazovne programe namenjene osnovcima \u2013 ove godine mogu se prijaviti u\u010denici sedmog razreda, kao i oni koji su osmi razred ali nisu bili polaznici Letnje nau\u010dne \u0161kole.<\/h2>\n<h2 style=\"font-family: Montserrat; font-weight: bold; line-height: 1; color: #333333; margin-top: 20px; margin-bottom: 10px; font-size: 32px; text-align: center;\">Konkurs je otvoren do <span style=\"color: #ff0000;\">petka 30.06.2023.<\/span><\/h2>\n<h4 style=\"font-family: Montserrat; line-height: 1.1; color: #333333; margin-top: 10px; margin-bottom: 10px; font-size: 16px; letter-spacing: -0.2px; text-align: center;\">Realizacija programa planirana je za septembar i oktobar 2023. godine.<\/h4>\n<h3 style=\"font-family: Montserrat; font-weight: bold; line-height: 1.1; color: #333333; margin-top: 20px; margin-bottom: 10px; font-size: 18px; text-align: center;\">Prijavljivanje se vr\u0161i preko onlajn sistema*&nbsp;<a style=\"color: #48a7d4; transition-duration: 0.25s; transition-timing-function: ease;\" href=\"https:\/\/eprijave.petnica.rs\/\">https:\/\/eprijave.petnica.rs\/<\/a><\/h3>\n<h4 style=\"margin-bottom: 30px; text-align: center;\"><span style=\"color: #ff0000;\">Nakon elektronske prijave, neophodno je i da&nbsp;<span style=\"font-weight: bold;\">preuzmete dokument<\/span>&nbsp;koji \u0107ete od\u0161tampati i koji \u0107e potpisati: kandidat, odgovorna osoba iz \u0161kole i roditelji\/staratelji. Ovo je neophodno da bismo ispo\u0161tovali sve zakonima propisane procedure.&nbsp;<span style=\"font-weight: bold;\">Prijava \u0107e se smatrati kompletnom kad se taj dokument po\u0161alje po\u0161tom (ili kurirskom slu\u017ebom) i stigne u Petnicu.<\/span><\/span><\/h4>\n<h2 style=\"font-family: Montserrat; font-weight: bold; line-height: 1; color: #333333; margin-top: 20px; margin-bottom: 10px; font-size: 32px; text-align: center;\"><a style=\"color: #48a7d4; transition-duration: 0.25s; transition-timing-function: ease;\" href=\"https:\/\/eprijave.petnica.rs\/\">Zapo\u010dnite prijavu registracijom na portalu za e-prijave!<\/a><\/h2>\n<h3 style=\"font-family: Montserrat; font-weight: bold; line-height: 1.1; color: #333333; margin-top: 20px; margin-bottom: 10px; font-size: 18px; text-align: center;\"><a style=\"color: #48a7d4; transition-duration: 0.25s; transition-timing-function: ease;\" href=\"http:\/\/petnica.rs\/wp-content\/uploads\/2023\/04\/ISP-LNS-2023-brosura.pdf\">DODATNE DETALJE I UPUTSTVA ZA PRIJAVU MO\u017dETE PRONA\u0106I U BRO\u0160URI NA OVOM LINKU<\/a><\/h3>\n<h5 style=\"margin-bottom: 30px; text-align: center;\"><span style=\"color: #008080;\"><em>Za one koji nisu u mogu\u0107nosti da se prijave onlajn, i dalje je mogu\u0107e poslati svu dokumentaciju po\u0161tom, ali ohrabrujemo sve kandidate da poku\u0161aju da iskoriste prednosti elektronske prijave. Formular za prijavu mo\u017eete preuzeti&nbsp;<a style=\"color: #008080; transition-duration: 0.25s; transition-timing-function: ease;\" href=\"http:\/\/petnica.rs\/wp-content\/uploads\/2023\/04\/LNS-2023-formular.pdf\">na ovom linku<\/a>.<\/em><\/span><\/h5>\n<h5 style=\"margin-bottom: 30px; text-align: center;\"><span style=\"color: #008080;\">Va\u017eno je da u\u010denik&nbsp;<span style=\"font-weight: bold;\">samostalno&nbsp;<\/span>pripremi prijavu!<\/span><\/h5>\n<h5 style=\"margin-bottom: 30px; text-align: center;\"><span style=\"color: #008080;\">Jedan deo prijavne dokumentacije moraju prou\u010diti i potpisati roditelji ili staratelji, a jedan je za predstavnika \u0161kole. Bez tih potpisa prijava se ne\u0107e uzimati u razmatranje!<\/span><\/h5>\n<h3 style=\"font-family: Montserrat; font-weight: bold; line-height: 1.1; color: #333333; margin-top: 20px; margin-bottom: 10px; font-size: 18px; text-align: center;\">Programi se odvijaju na srpskom jeziku, a konkurs je otvoren za u\u010denike zavr\u0161nih razreda osnovnih&nbsp;\u0161kola iz celog sveta.<\/h3>\n<h2 style=\"font-family: Montserrat; font-weight: bold; line-height: 1; color: #333333; margin-top: 20px; margin-bottom: 10px; font-size: 32px; text-align: center;\">Sre\u0107no!<\/h2>\n<div style=\"text-align: center;\">&nbsp;<\/div>\n<h4 style=\"margin-bottom: 30px; text-align: center;\"><span style=\"color: #993366;\"><em>*IS Petnica se svesrdno zahvaljuje dugogodi\u0161njim u\u010desnicima petni\u010dkih programa u razli\u010ditim oblastima tehni\u010dkih nauka&nbsp;<\/em><\/span><\/h4>\n<h1 style=\"margin-bottom: 30px; text-align: center;\"><span style=\"color: #003366;\"><em>Nikoli Bebi\u0107u i Aleksi Te\u0161i\u0107u&nbsp;<\/em><\/span><\/h1>\n<h4 style=\"margin-bottom: 30px; text-align: center;\"><span style=\"color: #993366;\"><em>na inicijativi za pokretanje sistema e-prijava, istrajnosti i strpljenju u realizaciji portala, a posebno na tome \u0161to su nesebi\u010dno ulo\u017eili svoje znanje i vreme u ovaj va\u017ean poduhvat.<\/em><\/span><\/h4>\n<\/div>\n<\/div>\n<\/div>\n<\/div>\n<\/div>\n<\/div>\n<\/div>\t\t\t\t\t\t\t\t<\/div>\n\t\t\t\t<\/div>\n\t\t\t\t\t<\/div>\n\t\t<\/div>\n\t\t\t\t\t<\/div>\n\t\t<\/section>\n\t\t\t\t<\/div>\n\t\t","protected":false},"excerpt":{"rendered":"<p>test.generacije.info Info portal koji prepoznaje uspe\u0161nije u\u010denike Svake godine su takmi\u010denja. Poku\u0161aj. Daj sve od sebe. Stipendije i nagrade 1000 dodeljenih nagrada svake godine 10000 pregledanih radova 144 uspe\u0161nijih \u0111aka 500 Internet linkova izvora informacija Kampovi i edukacije Istra\u017eiva\u010dka stanica &#8220;Petnica&#8221; http:\/\/petnica.rs\/programi\/programi-za-osnovce\/ Prenosimo u celosti poziv za letnju nau\u010dnu \u0161kolu IS &#8220;Petnica&#8221; za osnovce. http:\/\/petnica.rs\/prijavljivanje-za-letnju-naucnu-skolu\/ [&hellip;]<\/p>\n","protected":false},"author":1,"featured_media":0,"parent":2200,"menu_order":1,"comment_status":"closed","ping_status":"closed","template":"page-templates\/home1.php","meta":{"_acf_changed":false,"footnotes":""},"class_list":["post-2202","page","type-page","status-publish","hentry"],"acf":[],"yoast_head":"<!-- This site is optimized with the Yoast SEO plugin v26.4 - https:\/\/yoast.com\/wordpress\/plugins\/seo\/ -->\n<title>Kampovi i edukacije &#8226; Takmi\u010dari generacije<\/title>\n<meta name=\"description\" content=\"U cilju identifikacije, pra\u0107enja i podsticanja u\u010denika sa izuzetnim, posebnim sposobnostima napravljena je platforma Takmi\u010dari generacije.\" \/>\n<meta name=\"robots\" content=\"index, follow, max-snippet:-1, max-image-preview:large, max-video-preview:-1\" \/>\n<link rel=\"canonical\" href=\"http:\/\/takmicarigeneracije.gov.rs\/sr-latn\/konkursi-za-odlikase\/kampovi-i-edukacije\/\" \/>\n<meta property=\"og:locale\" content=\"en_US\" \/>\n<meta property=\"og:type\" content=\"article\" \/>\n<meta property=\"og:title\" content=\"Kampovi i edukacije &#8226; Takmi\u010dari generacije\" \/>\n<meta property=\"og:description\" content=\"U cilju identifikacije, pra\u0107enja i podsticanja u\u010denika sa izuzetnim, posebnim sposobnostima napravljena je platforma Takmi\u010dari generacije.\" \/>\n<meta property=\"og:url\" content=\"http:\/\/takmicarigeneracije.gov.rs\/sr-latn\/konkursi-za-odlikase\/kampovi-i-edukacije\/\" \/>\n<meta property=\"og:site_name\" content=\"\u0422\u0430\u043a\u043c\u0438\u0447\u0430\u0440\u0438 \u0433\u0435\u043d\u0435\u0440\u0430\u0446\u0438\u0458\u0435\" \/>\n<meta property=\"article:modified_time\" content=\"2023-11-13T14:44:01+00:00\" \/>\n<meta property=\"og:image\" content=\"http:\/\/takmicarigeneracije.gov.rs\/wp-content\/uploads\/2023\/04\/tanda-hero.png\" \/>\n<meta name=\"twitter:card\" content=\"summary_large_image\" \/>\n<meta name=\"twitter:label1\" content=\"Est. reading time\" \/>\n\t<meta name=\"twitter:data1\" content=\"3 minutes\" \/>\n<script type=\"application\/ld+json\" class=\"yoast-schema-graph\">{\"@context\":\"https:\/\/schema.org\",\"@graph\":[{\"@type\":\"WebPage\",\"@id\":\"http:\/\/takmicarigeneracije.gov.rs\/sr-latn\/konkursi-za-odlikase\/kampovi-i-edukacije\/\",\"url\":\"http:\/\/takmicarigeneracije.gov.rs\/sr-latn\/konkursi-za-odlikase\/kampovi-i-edukacije\/\",\"name\":\"Kampovi i edukacije &#8226; Takmi\u010dari generacije\",\"isPartOf\":{\"@id\":\"http:\/\/takmicarigeneracije.gov.rs\/sr-latn\/#website\"},\"primaryImageOfPage\":{\"@id\":\"http:\/\/takmicarigeneracije.gov.rs\/sr-latn\/konkursi-za-odlikase\/kampovi-i-edukacije\/#primaryimage\"},\"image\":{\"@id\":\"http:\/\/takmicarigeneracije.gov.rs\/sr-latn\/konkursi-za-odlikase\/kampovi-i-edukacije\/#primaryimage\"},\"thumbnailUrl\":\"http:\/\/takmicarigeneracije.gov.rs\/wp-content\/uploads\/2023\/04\/tanda-hero.png\",\"datePublished\":\"2023-05-29T20:38:28+00:00\",\"dateModified\":\"2023-11-13T14:44:01+00:00\",\"description\":\"U cilju identifikacije, pra\u0107enja i podsticanja u\u010denika sa izuzetnim, posebnim sposobnostima napravljena je platforma Takmi\u010dari generacije.\",\"breadcrumb\":{\"@id\":\"http:\/\/takmicarigeneracije.gov.rs\/sr-latn\/konkursi-za-odlikase\/kampovi-i-edukacije\/#breadcrumb\"},\"inLanguage\":\"lat\",\"potentialAction\":[{\"@type\":\"ReadAction\",\"target\":[\"http:\/\/takmicarigeneracije.gov.rs\/sr-latn\/konkursi-za-odlikase\/kampovi-i-edukacije\/\"]}]},{\"@type\":\"ImageObject\",\"inLanguage\":\"lat\",\"@id\":\"http:\/\/takmicarigeneracije.gov.rs\/sr-latn\/konkursi-za-odlikase\/kampovi-i-edukacije\/#primaryimage\",\"url\":\"http:\/\/takmicarigeneracije.gov.rs\/wp-content\/uploads\/2023\/04\/tanda-hero.png\",\"contentUrl\":\"http:\/\/takmicarigeneracije.gov.rs\/wp-content\/uploads\/2023\/04\/tanda-hero.png\"},{\"@type\":\"BreadcrumbList\",\"@id\":\"http:\/\/takmicarigeneracije.gov.rs\/sr-latn\/konkursi-za-odlikase\/kampovi-i-edukacije\/#breadcrumb\",\"itemListElement\":[{\"@type\":\"ListItem\",\"position\":1,\"name\":\"Po\u010detna\",\"item\":\"http:\/\/takmicarigeneracije.gov.rs\/sr-latn\/\"},{\"@type\":\"ListItem\",\"position\":2,\"name\":\"Konkursi za odlika\u0161e\",\"item\":\"http:\/\/takmicarigeneracije.gov.rs\/sr-latn\/konkursi-za-odlikase\/\"},{\"@type\":\"ListItem\",\"position\":3,\"name\":\"Kampovi i edukacije\"}]},{\"@type\":\"WebSite\",\"@id\":\"http:\/\/takmicarigeneracije.gov.rs\/sr-latn\/#website\",\"url\":\"http:\/\/takmicarigeneracije.gov.rs\/sr-latn\/\",\"name\":\"\u0422\u0430\u043a\u043c\u0438\u0447\u0430\u0440\u0438 \u0433\u0435\u043d\u0435\u0440\u0430\u0446\u0438\u0458\u0435\",\"description\":\"\u041e\u0432\u0434\u0435 \u0441\u043c\u043e \u0434\u0430 \u043f\u043e\u0434\u0440\u0436\u0438\u043c\u043e \u0443\u0441\u043f\u0435\u0445\u0435.\",\"publisher\":{\"@id\":\"http:\/\/takmicarigeneracije.gov.rs\/sr-latn\/#organization\"},\"alternateName\":\"\u0422\u0430\u043a\u043c\u0438\u0447\u0430\u0440\u0438 \u0433\u0435\u043d\u0435\u0440\u0430\u0446\u0438\u0458\u0435\",\"potentialAction\":[{\"@type\":\"SearchAction\",\"target\":{\"@type\":\"EntryPoint\",\"urlTemplate\":\"http:\/\/takmicarigeneracije.gov.rs\/sr-latn\/?s={search_term_string}\"},\"query-input\":{\"@type\":\"PropertyValueSpecification\",\"valueRequired\":true,\"valueName\":\"search_term_string\"}}],\"inLanguage\":\"lat\"},{\"@type\":\"Organization\",\"@id\":\"http:\/\/takmicarigeneracije.gov.rs\/sr-latn\/#organization\",\"name\":\"Takmi\u010dari generacije\",\"alternateName\":\"\u0422\u0430\u043a\u043c\u0438\u0447\u0430\u0440\u0438 \u0433\u0435\u043d\u0435\u0440\u0430\u0446\u0438\u0458\u0435\",\"url\":\"http:\/\/takmicarigeneracije.gov.rs\/sr-latn\/\",\"logo\":{\"@type\":\"ImageObject\",\"inLanguage\":\"lat\",\"@id\":\"http:\/\/takmicarigeneracije.gov.rs\/sr-latn\/#\/schema\/logo\/image\/\",\"url\":\"http:\/\/takmicarigeneracije.gov.rs\/wp-content\/uploads\/2023\/11\/generacije-logo.svg\",\"contentUrl\":\"http:\/\/takmicarigeneracije.gov.rs\/wp-content\/uploads\/2023\/11\/generacije-logo.svg\",\"width\":169,\"height\":34,\"caption\":\"Takmi\u010dari generacije\"},\"image\":{\"@id\":\"http:\/\/takmicarigeneracije.gov.rs\/sr-latn\/#\/schema\/logo\/image\/\"}}]}<\/script>\n<!-- \/ Yoast SEO plugin. -->","yoast_head_json":{"title":"Kampovi i edukacije &#8226; Takmi\u010dari generacije","description":"U cilju identifikacije, pra\u0107enja i podsticanja u\u010denika sa izuzetnim, posebnim sposobnostima napravljena je platforma Takmi\u010dari generacije.","robots":{"index":"index","follow":"follow","max-snippet":"max-snippet:-1","max-image-preview":"max-image-preview:large","max-video-preview":"max-video-preview:-1"},"canonical":"http:\/\/takmicarigeneracije.gov.rs\/sr-latn\/konkursi-za-odlikase\/kampovi-i-edukacije\/","og_locale":"en_US","og_type":"article","og_title":"Kampovi i edukacije &#8226; Takmi\u010dari generacije","og_description":"U cilju identifikacije, pra\u0107enja i podsticanja u\u010denika sa izuzetnim, posebnim sposobnostima napravljena je platforma Takmi\u010dari generacije.","og_url":"http:\/\/takmicarigeneracije.gov.rs\/sr-latn\/konkursi-za-odlikase\/kampovi-i-edukacije\/","og_site_name":"\u0422\u0430\u043a\u043c\u0438\u0447\u0430\u0440\u0438 \u0433\u0435\u043d\u0435\u0440\u0430\u0446\u0438\u0458\u0435","article_modified_time":"2023-11-13T14:44:01+00:00","og_image":[{"url":"http:\/\/takmicarigeneracije.gov.rs\/wp-content\/uploads\/2023\/04\/tanda-hero.png","type":"","width":"","height":""}],"twitter_card":"summary_large_image","twitter_misc":{"Est. reading time":"3 minutes"},"schema":{"@context":"https:\/\/schema.org","@graph":[{"@type":"WebPage","@id":"http:\/\/takmicarigeneracije.gov.rs\/sr-latn\/konkursi-za-odlikase\/kampovi-i-edukacije\/","url":"http:\/\/takmicarigeneracije.gov.rs\/sr-latn\/konkursi-za-odlikase\/kampovi-i-edukacije\/","name":"Kampovi i edukacije &#8226; Takmi\u010dari generacije","isPartOf":{"@id":"http:\/\/takmicarigeneracije.gov.rs\/sr-latn\/#website"},"primaryImageOfPage":{"@id":"http:\/\/takmicarigeneracije.gov.rs\/sr-latn\/konkursi-za-odlikase\/kampovi-i-edukacije\/#primaryimage"},"image":{"@id":"http:\/\/takmicarigeneracije.gov.rs\/sr-latn\/konkursi-za-odlikase\/kampovi-i-edukacije\/#primaryimage"},"thumbnailUrl":"http:\/\/takmicarigeneracije.gov.rs\/wp-content\/uploads\/2023\/04\/tanda-hero.png","datePublished":"2023-05-29T20:38:28+00:00","dateModified":"2023-11-13T14:44:01+00:00","description":"U cilju identifikacije, pra\u0107enja i podsticanja u\u010denika sa izuzetnim, posebnim sposobnostima napravljena je platforma Takmi\u010dari generacije.","breadcrumb":{"@id":"http:\/\/takmicarigeneracije.gov.rs\/sr-latn\/konkursi-za-odlikase\/kampovi-i-edukacije\/#breadcrumb"},"inLanguage":"lat","potentialAction":[{"@type":"ReadAction","target":["http:\/\/takmicarigeneracije.gov.rs\/sr-latn\/konkursi-za-odlikase\/kampovi-i-edukacije\/"]}]},{"@type":"ImageObject","inLanguage":"lat","@id":"http:\/\/takmicarigeneracije.gov.rs\/sr-latn\/konkursi-za-odlikase\/kampovi-i-edukacije\/#primaryimage","url":"http:\/\/takmicarigeneracije.gov.rs\/wp-content\/uploads\/2023\/04\/tanda-hero.png","contentUrl":"http:\/\/takmicarigeneracije.gov.rs\/wp-content\/uploads\/2023\/04\/tanda-hero.png"},{"@type":"BreadcrumbList","@id":"http:\/\/takmicarigeneracije.gov.rs\/sr-latn\/konkursi-za-odlikase\/kampovi-i-edukacije\/#breadcrumb","itemListElement":[{"@type":"ListItem","position":1,"name":"Po\u010detna","item":"http:\/\/takmicarigeneracije.gov.rs\/sr-latn\/"},{"@type":"ListItem","position":2,"name":"Konkursi za odlika\u0161e","item":"http:\/\/takmicarigeneracije.gov.rs\/sr-latn\/konkursi-za-odlikase\/"},{"@type":"ListItem","position":3,"name":"Kampovi i edukacije"}]},{"@type":"WebSite","@id":"http:\/\/takmicarigeneracije.gov.rs\/sr-latn\/#website","url":"http:\/\/takmicarigeneracije.gov.rs\/sr-latn\/","name":"\u0422\u0430\u043a\u043c\u0438\u0447\u0430\u0440\u0438 \u0433\u0435\u043d\u0435\u0440\u0430\u0446\u0438\u0458\u0435","description":"\u041e\u0432\u0434\u0435 \u0441\u043c\u043e \u0434\u0430 \u043f\u043e\u0434\u0440\u0436\u0438\u043c\u043e \u0443\u0441\u043f\u0435\u0445\u0435.","publisher":{"@id":"http:\/\/takmicarigeneracije.gov.rs\/sr-latn\/#organization"},"alternateName":"\u0422\u0430\u043a\u043c\u0438\u0447\u0430\u0440\u0438 \u0433\u0435\u043d\u0435\u0440\u0430\u0446\u0438\u0458\u0435","potentialAction":[{"@type":"SearchAction","target":{"@type":"EntryPoint","urlTemplate":"http:\/\/takmicarigeneracije.gov.rs\/sr-latn\/?s={search_term_string}"},"query-input":{"@type":"PropertyValueSpecification","valueRequired":true,"valueName":"search_term_string"}}],"inLanguage":"lat"},{"@type":"Organization","@id":"http:\/\/takmicarigeneracije.gov.rs\/sr-latn\/#organization","name":"Takmi\u010dari generacije","alternateName":"\u0422\u0430\u043a\u043c\u0438\u0447\u0430\u0440\u0438 \u0433\u0435\u043d\u0435\u0440\u0430\u0446\u0438\u0458\u0435","url":"http:\/\/takmicarigeneracije.gov.rs\/sr-latn\/","logo":{"@type":"ImageObject","inLanguage":"lat","@id":"http:\/\/takmicarigeneracije.gov.rs\/sr-latn\/#\/schema\/logo\/image\/","url":"http:\/\/takmicarigeneracije.gov.rs\/wp-content\/uploads\/2023\/11\/generacije-logo.svg","contentUrl":"http:\/\/takmicarigeneracije.gov.rs\/wp-content\/uploads\/2023\/11\/generacije-logo.svg","width":169,"height":34,"caption":"Takmi\u010dari generacije"},"image":{"@id":"http:\/\/takmicarigeneracije.gov.rs\/sr-latn\/#\/schema\/logo\/image\/"}}]}},"_links":{"self":[{"href":"http:\/\/takmicarigeneracije.gov.rs\/sr-latn\/wp-json\/wp\/v2\/pages\/2202","targetHints":{"allow":["GET"]}}],"collection":[{"href":"http:\/\/takmicarigeneracije.gov.rs\/sr-latn\/wp-json\/wp\/v2\/pages"}],"about":[{"href":"http:\/\/takmicarigeneracije.gov.rs\/sr-latn\/wp-json\/wp\/v2\/types\/page"}],"author":[{"embeddable":true,"href":"http:\/\/takmicarigeneracije.gov.rs\/sr-latn\/wp-json\/wp\/v2\/users\/1"}],"replies":[{"embeddable":true,"href":"http:\/\/takmicarigeneracije.gov.rs\/sr-latn\/wp-json\/wp\/v2\/comments?post=2202"}],"version-history":[{"count":0,"href":"http:\/\/takmicarigeneracije.gov.rs\/sr-latn\/wp-json\/wp\/v2\/pages\/2202\/revisions"}],"up":[{"embeddable":true,"href":"http:\/\/takmicarigeneracije.gov.rs\/sr-latn\/wp-json\/wp\/v2\/pages\/2200"}],"wp:attachment":[{"href":"http:\/\/takmicarigeneracije.gov.rs\/sr-latn\/wp-json\/wp\/v2\/media?parent=2202"}],"curies":[{"name":"wp","href":"https:\/\/api.w.org\/{rel}","templated":true}]}}